{"id":10,"date":"2025-11-16T10:27:17","date_gmt":"2025-11-16T10:27:17","guid":{"rendered":"https:\/\/chateaudevilleauval.fr\/?page_id=10"},"modified":"2026-02-10T15:45:56","modified_gmt":"2026-02-10T15:45:56","slug":"chambres-dhotes","status":"publish","type":"page","link":"https:\/\/chateaudevilleauval.fr\/index.php\/chambres-dhotes\/","title":{"rendered":"Pr\u00e9sentation"},"content":{"rendered":"\n<p>Une invitation \u00e0 la d\u00e9couverte<br>En s\u00e9journant au Ch\u00e2teau de Ville-au-Val au c\u0153ur de la Lorraine, vous poserez vos valises dans un lieu exceptionnel, v\u00e9ritable poumon de verdure et bulle temporelle des XVIe XVIIIe si\u00e8cle. Vous appr\u00e9cierez la richesse culturelle et naturelle de la r\u00e9gion.<\/p>\n\n\n\n<p>Nous sommes impatients de vous accueillir et de partager avec vous ce lieu d\u2019exception.<\/p>\n\n\n\n<p>Contact :<br>chateaudevilleauval@orange.fr<br>samuel.redonnet@orange.fr<br>33 6 07 86 32 44<br><br><br><br><\/p>\n\n\n<div class=\"wp-block-image\">\n<figure class=\"aligncenter size-large\"><img loading=\"lazy\" decoding=\"async\" width=\"768\" height=\"1024\" src=\"https:\/\/chateaudevilleauval.fr\/wp-content\/uploads\/2025\/11\/fenetre-cote-cour-1-768x1024.jpg\" alt=\"\" class=\"wp-image-184\" srcset=\"https:\/\/chateaudevilleauval.fr\/wp-content\/uploads\/2025\/11\/fenetre-cote-cour-1-768x1024.jpg 768w, https:\/\/chateaudevilleauval.fr\/wp-content\/uploads\/2025\/11\/fenetre-cote-cour-1-225x300.jpg 225w, https:\/\/chateaudevilleauval.fr\/wp-content\/uploads\/2025\/11\/fenetre-cote-cour-1-45x60.jpg 45w, https:\/\/chateaudevilleauval.fr\/wp-content\/uploads\/2025\/11\/fenetre-cote-cour-1.jpg 1100w\" sizes=\"auto, (max-width: 768px) 100vw, 768px\" \/><\/figure>\n<\/div>\n\n\n<figure class=\"wp-block-image size-large is-resized\"><img loading=\"lazy\" decoding=\"async\" width=\"1024\" height=\"512\" src=\"https:\/\/chateaudevilleauval.fr\/wp-content\/uploads\/2026\/01\/Logo-Clevacances-France-4-cles-1-1024x512.png\" alt=\"\" class=\"wp-image-489\" style=\"aspect-ratio:1.9575570389558634;width:211px;height:auto\" srcset=\"https:\/\/chateaudevilleauval.fr\/wp-content\/uploads\/2026\/01\/Logo-Clevacances-France-4-cles-1-1024x512.png 1024w, https:\/\/chateaudevilleauval.fr\/wp-content\/uploads\/2026\/01\/Logo-Clevacances-France-4-cles-1-300x150.png 300w, https:\/\/chateaudevilleauval.fr\/wp-content\/uploads\/2026\/01\/Logo-Clevacances-France-4-cles-1-768x384.png 768w, https:\/\/chateaudevilleauval.fr\/wp-content\/uploads\/2026\/01\/Logo-Clevacances-France-4-cles-1-1536x768.png 1536w, https:\/\/chateaudevilleauval.fr\/wp-content\/uploads\/2026\/01\/Logo-Clevacances-France-4-cles-1-500x250.png 500w, https:\/\/chateaudevilleauval.fr\/wp-content\/uploads\/2026\/01\/Logo-Clevacances-France-4-cles-1.png 2000w\" sizes=\"auto, (max-width: 1024px) 100vw, 1024px\" \/><\/figure>\n\n\n\n<p><\/p>\n","protected":false},"excerpt":{"rendered":"<p>Une invitation \u00e0 la d\u00e9couverteEn s\u00e9journant au Ch\u00e2teau de Ville-au-Val au c\u0153ur de la Lorraine, vous poserez vos valises dans un lieu exceptionnel, v\u00e9ritable poumon de verdure et bulle temporelle des XVIe XVIIIe si\u00e8cle. Vous appr\u00e9cierez la richesse culturelle et &hellip; <a href=\"https:\/\/chateaudevilleauval.fr\/index.php\/chambres-dhotes\/\">Continuer la lecture <span class=\"meta-nav\">&rarr;<\/span><\/a><\/p>\n","protected":false},"author":1,"featured_media":279,"parent":0,"menu_order":0,"comment_status":"closed","ping_status":"closed","template":"","meta":{"footnotes":""},"class_list":["post-10","page","type-page","status-publish","has-post-thumbnail","hentry"],"aioseo_notices":[],"_links":{"self":[{"href":"https:\/\/chateaudevilleauval.fr\/index.php\/wp-json\/wp\/v2\/pages\/10","targetHints":{"allow":["GET"]}}],"collection":[{"href":"https:\/\/chateaudevilleauval.fr\/index.php\/wp-json\/wp\/v2\/pages"}],"about":[{"href":"https:\/\/chateaudevilleauval.fr\/index.php\/wp-json\/wp\/v2\/types\/page"}],"author":[{"embeddable":true,"href":"https:\/\/chateaudevilleauval.fr\/index.php\/wp-json\/wp\/v2\/users\/1"}],"replies":[{"embeddable":true,"href":"https:\/\/chateaudevilleauval.fr\/index.php\/wp-json\/wp\/v2\/comments?post=10"}],"version-history":[{"count":18,"href":"https:\/\/chateaudevilleauval.fr\/index.php\/wp-json\/wp\/v2\/pages\/10\/revisions"}],"predecessor-version":[{"id":524,"href":"https:\/\/chateaudevilleauval.fr\/index.php\/wp-json\/wp\/v2\/pages\/10\/revisions\/524"}],"wp:featuredmedia":[{"embeddable":true,"href":"https:\/\/chateaudevilleauval.fr\/index.php\/wp-json\/wp\/v2\/media\/279"}],"wp:attachment":[{"href":"https:\/\/chateaudevilleauval.fr\/index.php\/wp-json\/wp\/v2\/media?parent=10"}],"curies":[{"name":"wp","href":"https:\/\/api.w.org\/{rel}","templated":true}]}}