{"id":131,"date":"2025-11-16T17:04:41","date_gmt":"2025-11-16T17:04:41","guid":{"rendered":"https:\/\/chateaudevilleauval.fr\/?page_id=131"},"modified":"2026-03-24T13:47:15","modified_gmt":"2026-03-24T13:47:15","slug":"gite-du-comte-bourcier","status":"publish","type":"page","link":"https:\/\/chateaudevilleauval.fr\/index.php\/gite-du-comte-bourcier\/","title":{"rendered":"Gite du comte Bourcier"},"content":{"rendered":"\n<p>Apr\u00e8s de lourds travaux, nous avons am\u00e9nag\u00e9 une partie du ch\u00e2teau en g\u00eete. Le \u00ab\u00a0gite du comte Bourcier\u00a0\u00bb offre \u00e0 nos h\u00f4tes un s\u00e9jour d\u2019exception entre raffinement, convivialit\u00e9 et calme. Vous profiterez de beaux volumes avec un grand jardin.<\/p>\n\n\n\n<p>Au rez-de-chauss\u00e9e, entr\u00e9e, salon sur cour int\u00e9rieure, cuisine salle \u00e0 manger et salon tv, 2 suites parentales ind\u00e9pendantes et spacieuses avec lits King size et salle de bain (douche) ind\u00e9pendante (chambres marquise Sophie de Fr\u00e9geville et comtesse Marie Bourcier, adapt\u00e9e PMR). A l\u2019\u00e9tage, 2 chambres compl\u00e8tent la location, l\u2019une avec 1 lit Queen size (chambre tante Suzanne de Pruines) et la seconde (chambre du cocher) avec un lit simple pour un enfant ou un adulte. Salle de bains \u00e0 l\u2019\u00e9tage sur le palier et toilettes s\u00e9par\u00e9es.<\/p>\n\n\n\n<figure class=\"wp-block-image size-large\"><img loading=\"lazy\" decoding=\"async\" width=\"1024\" height=\"768\" src=\"http:\/\/chateaudevilleauval.fr\/wp-content\/uploads\/2026\/02\/IMG_0525-1024x768.jpeg\" alt=\"\" class=\"wp-image-511\" srcset=\"https:\/\/chateaudevilleauval.fr\/wp-content\/uploads\/2026\/02\/IMG_0525-1024x768.jpeg 1024w, https:\/\/chateaudevilleauval.fr\/wp-content\/uploads\/2026\/02\/IMG_0525-300x225.jpeg 300w, https:\/\/chateaudevilleauval.fr\/wp-content\/uploads\/2026\/02\/IMG_0525-768x576.jpeg 768w, https:\/\/chateaudevilleauval.fr\/wp-content\/uploads\/2026\/02\/IMG_0525-1536x1152.jpeg 1536w, https:\/\/chateaudevilleauval.fr\/wp-content\/uploads\/2026\/02\/IMG_0525-400x300.jpeg 400w, https:\/\/chateaudevilleauval.fr\/wp-content\/uploads\/2026\/02\/IMG_0525-rotated.jpeg 2016w\" sizes=\"auto, (max-width: 1024px) 100vw, 1024px\" \/><\/figure>\n\n\n\n<p>La pi\u00e8ce de vie en rez-de-chauss\u00e9e est spacieuse avec une cuisine ouverte \u00e9quip\u00e9e (lave-vaisselle, r\u00e9frig\u00e9rateur \/ cong\u00e9lateur, four, app. \u00e0 raclette\u2026) et salon t\u00e9l\u00e9vision, acc\u00e8s internet Wifi, enceinte connect\u00e9e.<br>Dans local : lave-linge et s\u00e8che-linge privatif.<br>Parking privatif et local \u00e0 v\u00e9los ferm\u00e9 sur demande.<\/p>\n\n\n\n<figure class=\"wp-block-image size-large\"><img loading=\"lazy\" decoding=\"async\" width=\"768\" height=\"1024\" src=\"https:\/\/chateaudevilleauval.fr\/wp-content\/uploads\/2026\/03\/IMG_0290-768x1024.jpeg\" alt=\"\" class=\"wp-image-566\" srcset=\"https:\/\/chateaudevilleauval.fr\/wp-content\/uploads\/2026\/03\/IMG_0290-768x1024.jpeg 768w, https:\/\/chateaudevilleauval.fr\/wp-content\/uploads\/2026\/03\/IMG_0290-225x300.jpeg 225w, https:\/\/chateaudevilleauval.fr\/wp-content\/uploads\/2026\/03\/IMG_0290-1152x1536.jpeg 1152w, https:\/\/chateaudevilleauval.fr\/wp-content\/uploads\/2026\/03\/IMG_0290-rotated.jpeg 1512w\" sizes=\"auto, (max-width: 768px) 100vw, 768px\" \/><\/figure>\n\n\n\n<figure class=\"wp-block-image size-large\"><img loading=\"lazy\" decoding=\"async\" width=\"768\" height=\"1024\" src=\"https:\/\/chateaudevilleauval.fr\/wp-content\/uploads\/2026\/03\/IMG_0289-768x1024.jpeg\" alt=\"\" class=\"wp-image-567\" srcset=\"https:\/\/chateaudevilleauval.fr\/wp-content\/uploads\/2026\/03\/IMG_0289-768x1024.jpeg 768w, https:\/\/chateaudevilleauval.fr\/wp-content\/uploads\/2026\/03\/IMG_0289-225x300.jpeg 225w, https:\/\/chateaudevilleauval.fr\/wp-content\/uploads\/2026\/03\/IMG_0289-1152x1536.jpeg 1152w, https:\/\/chateaudevilleauval.fr\/wp-content\/uploads\/2026\/03\/IMG_0289-rotated.jpeg 1512w\" sizes=\"auto, (max-width: 768px) 100vw, 768px\" \/><\/figure>\n\n\n\n<p><\/p>\n","protected":false},"excerpt":{"rendered":"<p>Apr\u00e8s de lourds travaux, nous avons am\u00e9nag\u00e9 une partie du ch\u00e2teau en g\u00eete. Le \u00ab\u00a0gite du comte Bourcier\u00a0\u00bb offre \u00e0 nos h\u00f4tes un s\u00e9jour d\u2019exception entre raffinement, convivialit\u00e9 et calme. Vous profiterez de beaux volumes avec un grand jardin. Au &hellip; <a href=\"https:\/\/chateaudevilleauval.fr\/index.php\/gite-du-comte-bourcier\/\">Continuer la lecture <span class=\"meta-nav\">&rarr;<\/span><\/a><\/p>\n","protected":false},"author":1,"featured_media":126,"parent":0,"menu_order":0,"comment_status":"closed","ping_status":"closed","template":"","meta":{"footnotes":""},"class_list":["post-131","page","type-page","status-publish","has-post-thumbnail","hentry"],"aioseo_notices":[],"_links":{"self":[{"href":"https:\/\/chateaudevilleauval.fr\/index.php\/wp-json\/wp\/v2\/pages\/131","targetHints":{"allow":["GET"]}}],"collection":[{"href":"https:\/\/chateaudevilleauval.fr\/index.php\/wp-json\/wp\/v2\/pages"}],"about":[{"href":"https:\/\/chateaudevilleauval.fr\/index.php\/wp-json\/wp\/v2\/types\/page"}],"author":[{"embeddable":true,"href":"https:\/\/chateaudevilleauval.fr\/index.php\/wp-json\/wp\/v2\/users\/1"}],"replies":[{"embeddable":true,"href":"https:\/\/chateaudevilleauval.fr\/index.php\/wp-json\/wp\/v2\/comments?post=131"}],"version-history":[{"count":8,"href":"https:\/\/chateaudevilleauval.fr\/index.php\/wp-json\/wp\/v2\/pages\/131\/revisions"}],"predecessor-version":[{"id":568,"href":"https:\/\/chateaudevilleauval.fr\/index.php\/wp-json\/wp\/v2\/pages\/131\/revisions\/568"}],"wp:featuredmedia":[{"embeddable":true,"href":"https:\/\/chateaudevilleauval.fr\/index.php\/wp-json\/wp\/v2\/media\/126"}],"wp:attachment":[{"href":"https:\/\/chateaudevilleauval.fr\/index.php\/wp-json\/wp\/v2\/media?parent=131"}],"curies":[{"name":"wp","href":"https:\/\/api.w.org\/{rel}","templated":true}]}}