{"id":134,"date":"2025-11-16T17:05:20","date_gmt":"2025-11-16T17:05:20","guid":{"rendered":"https:\/\/chateaudevilleauval.fr\/?page_id=134"},"modified":"2025-11-18T09:47:09","modified_gmt":"2025-11-18T09:47:09","slug":"chambre-marquise-sophie-de-fregeville","status":"publish","type":"page","link":"https:\/\/chateaudevilleauval.fr\/index.php\/chambre-marquise-sophie-de-fregeville\/","title":{"rendered":"Chambre de la marquise Sophie de Fr\u00e9geville"},"content":{"rendered":"<div class=\"wp-block-image\">\n<figure class=\"aligncenter size-full\"><img loading=\"lazy\" decoding=\"async\" width=\"1100\" height=\"513\" src=\"http:\/\/chateaudevilleauval.fr\/wp-content\/uploads\/2025\/11\/chambres1rdc_sophie-2.jpeg\" alt=\"\" class=\"wp-image-203\" srcset=\"https:\/\/chateaudevilleauval.fr\/wp-content\/uploads\/2025\/11\/chambres1rdc_sophie-2.jpeg 1100w, https:\/\/chateaudevilleauval.fr\/wp-content\/uploads\/2025\/11\/chambres1rdc_sophie-2-300x140.jpeg 300w, https:\/\/chateaudevilleauval.fr\/wp-content\/uploads\/2025\/11\/chambres1rdc_sophie-2-1024x478.jpeg 1024w, https:\/\/chateaudevilleauval.fr\/wp-content\/uploads\/2025\/11\/chambres1rdc_sophie-2-768x358.jpeg 768w, https:\/\/chateaudevilleauval.fr\/wp-content\/uploads\/2025\/11\/chambres1rdc_sophie-2-129x60.jpeg 129w\" sizes=\"auto, (max-width: 1100px) 100vw, 1100px\" \/><figcaption class=\"wp-element-caption\">Chambre de la marquise Sophie de Fr\u00e9geville<br>Lit 200 x 200 ou 2 lits 100 x 200 &#8211; Ch\u00e2teau de Ville au Val<\/figcaption><\/figure>\n<\/div>\n\n\n<figure class=\"wp-block-image size-large\"><img loading=\"lazy\" decoding=\"async\" width=\"768\" height=\"1024\" src=\"https:\/\/chateaudevilleauval.fr\/wp-content\/uploads\/2025\/11\/44656b24-cc00-4b57-a4da-3028cb91154d.jpg-768x1024.webp\" alt=\"\" class=\"wp-image-201\" srcset=\"https:\/\/chateaudevilleauval.fr\/wp-content\/uploads\/2025\/11\/44656b24-cc00-4b57-a4da-3028cb91154d.jpg-768x1024.webp 768w, https:\/\/chateaudevilleauval.fr\/wp-content\/uploads\/2025\/11\/44656b24-cc00-4b57-a4da-3028cb91154d.jpg-225x300.webp 225w, https:\/\/chateaudevilleauval.fr\/wp-content\/uploads\/2025\/11\/44656b24-cc00-4b57-a4da-3028cb91154d.jpg-45x60.webp 45w, https:\/\/chateaudevilleauval.fr\/wp-content\/uploads\/2025\/11\/44656b24-cc00-4b57-a4da-3028cb91154d.jpg.webp 864w\" sizes=\"auto, (max-width: 768px) 100vw, 768px\" \/><figcaption class=\"wp-element-caption\">Chambre de la marquise Sophie de Fr\u00e9geville, d\u00e9tail &#8211; Ch\u00e2teau de Ville au Val<\/figcaption><\/figure>\n\n\n<div class=\"wp-block-image\">\n<figure class=\"aligncenter size-large\"><img loading=\"lazy\" decoding=\"async\" width=\"1024\" height=\"702\" src=\"https:\/\/chateaudevilleauval.fr\/wp-content\/uploads\/2025\/11\/image18-1024x702.jpg\" alt=\"\" class=\"wp-image-352\" srcset=\"https:\/\/chateaudevilleauval.fr\/wp-content\/uploads\/2025\/11\/image18-1024x702.jpg 1024w, https:\/\/chateaudevilleauval.fr\/wp-content\/uploads\/2025\/11\/image18-300x206.jpg 300w, https:\/\/chateaudevilleauval.fr\/wp-content\/uploads\/2025\/11\/image18-768x527.jpg 768w, https:\/\/chateaudevilleauval.fr\/wp-content\/uploads\/2025\/11\/image18-437x300.jpg 437w, https:\/\/chateaudevilleauval.fr\/wp-content\/uploads\/2025\/11\/image18.jpg 1092w\" sizes=\"auto, (max-width: 1024px) 100vw, 1024px\" \/><figcaption class=\"wp-element-caption\">Salle de bain chambre de la marquise de Fr\u00e9geville &#8211; Ch\u00e2teau de Ville au Val<\/figcaption><\/figure>\n<\/div>\n\n\n<p><\/p>\n","protected":false},"excerpt":{"rendered":"","protected":false},"author":1,"featured_media":397,"parent":0,"menu_order":0,"comment_status":"closed","ping_status":"closed","template":"","meta":{"footnotes":""},"class_list":["post-134","page","type-page","status-publish","has-post-thumbnail","hentry"],"aioseo_notices":[],"_links":{"self":[{"href":"https:\/\/chateaudevilleauval.fr\/index.php\/wp-json\/wp\/v2\/pages\/134","targetHints":{"allow":["GET"]}}],"collection":[{"href":"https:\/\/chateaudevilleauval.fr\/index.php\/wp-json\/wp\/v2\/pages"}],"about":[{"href":"https:\/\/chateaudevilleauval.fr\/index.php\/wp-json\/wp\/v2\/types\/page"}],"author":[{"embeddable":true,"href":"https:\/\/chateaudevilleauval.fr\/index.php\/wp-json\/wp\/v2\/users\/1"}],"replies":[{"embeddable":true,"href":"https:\/\/chateaudevilleauval.fr\/index.php\/wp-json\/wp\/v2\/comments?post=134"}],"version-history":[{"count":5,"href":"https:\/\/chateaudevilleauval.fr\/index.php\/wp-json\/wp\/v2\/pages\/134\/revisions"}],"predecessor-version":[{"id":398,"href":"https:\/\/chateaudevilleauval.fr\/index.php\/wp-json\/wp\/v2\/pages\/134\/revisions\/398"}],"wp:featuredmedia":[{"embeddable":true,"href":"https:\/\/chateaudevilleauval.fr\/index.php\/wp-json\/wp\/v2\/media\/397"}],"wp:attachment":[{"href":"https:\/\/chateaudevilleauval.fr\/index.php\/wp-json\/wp\/v2\/media?parent=134"}],"curies":[{"name":"wp","href":"https:\/\/api.w.org\/{rel}","templated":true}]}}