{"id":14,"date":"2025-11-16T10:28:40","date_gmt":"2025-11-16T10:28:40","guid":{"rendered":"https:\/\/chateaudevilleauval.fr\/?page_id=14"},"modified":"2025-11-27T10:50:46","modified_gmt":"2025-11-27T10:50:46","slug":"histoire-du-chateau","status":"publish","type":"page","link":"https:\/\/chateaudevilleauval.fr\/index.php\/histoire-du-chateau\/","title":{"rendered":"Histoire du ch\u00e2teau"},"content":{"rendered":"\n<p>La terre de Ville-au-Val, comme toute la rive droite de la Natagne, relevait au Moyen \u00c2ge du comt\u00e9 de Bar et plus pr\u00e9cis\u00e9ment de Mousson. L&rsquo;autre rive d\u00e9pendait de Dieulouard, possession des \u00e9v\u00eaques de Verdun, donnant \u00e0 Ville-au-Val une position strat\u00e9gique. <\/p>\n\n\n\n<p>Le ch\u00e2teau de Ville-au-Val appartient \u00e0 la m\u00eame famille depuis 1809, date \u00e0 laquelle<strong> <\/strong>Fran\u00e7ois Antoine Louis Bourcier, g\u00e9n\u00e9ral de division, conseiller d&rsquo;Etat, grand officier de la L\u00e9gion d&rsquo;Honneur et Inspecteur g\u00e9n\u00e9ral de la cavalerie de la Grande Arm\u00e9e acquiert le ch\u00e2teau en vendant des terres re\u00e7ues par l&rsquo;Empereur Napol\u00e9on.<\/p>\n\n\n\n<p>En novembre 1944, le ch\u00e2teau est le si\u00e8ge de la 80e division d\u2019infanterie am\u00e9ricaine. Une photo conserve le souvenir du passage du g\u00e9n\u00e9ral Patton, commandant de la 3<sup>e<\/sup> arm\u00e9e US, s\u2019adressant \u00e0 l\u2019ensemble des officiers dans la salle \u00e0 manger.&nbsp;&nbsp;&nbsp;<\/p>\n\n\n\n<p>Le plan d&rsquo;ensemble est caract\u00e9ristique des XIIIe-XIVe; L&rsquo;ancienne basse cour \u00e0 l&rsquo;Est (actuels b\u00e2timents de ferme), et au del\u00e0 d&rsquo;un pont dormant \u00e9tabli dans les anciens foss\u00e9s, le ch\u00e2teau adopte un plan presque carr\u00e9 de 50m de c\u00f4t\u00e9, flanqu\u00e9 aux quatre angles de tours circulaires de 6 \u00e0 8m de diam\u00e8tre. L&rsquo;ensemble a sans doute \u00e9t\u00e9 reb\u00e2ti en grande partie au XVIe si\u00e8cle. <\/p>\n\n\n\n<p>Tr\u00e9sor cach\u00e9 du ch\u00e2teau : l&rsquo;exceptionnelle chapelle priv\u00e9e qui abrite une toile du peintre Jean Girardet, premier peintre de Stanislas. L&rsquo;ensemble du ch\u00e2teau, fa\u00e7ades et toitures sont inscrits au titre des Monuments Historiques en 1988. La chapelle est class\u00e9e Monument Historique en 1995.<\/p>\n\n\n<div class=\"wp-block-image\">\n<figure class=\"aligncenter size-large\"><img loading=\"lazy\" decoding=\"async\" width=\"683\" height=\"1024\" src=\"https:\/\/chateaudevilleauval.fr\/wp-content\/uploads\/2025\/11\/IMG_7903-683x1024.jpg\" alt=\"\" class=\"wp-image-287\" srcset=\"https:\/\/chateaudevilleauval.fr\/wp-content\/uploads\/2025\/11\/IMG_7903-683x1024.jpg 683w, https:\/\/chateaudevilleauval.fr\/wp-content\/uploads\/2025\/11\/IMG_7903-200x300.jpg 200w, https:\/\/chateaudevilleauval.fr\/wp-content\/uploads\/2025\/11\/IMG_7903-768x1152.jpg 768w, https:\/\/chateaudevilleauval.fr\/wp-content\/uploads\/2025\/11\/IMG_7903-1024x1536.jpg 1024w, https:\/\/chateaudevilleauval.fr\/wp-content\/uploads\/2025\/11\/IMG_7903-1365x2048.jpg 1365w, https:\/\/chateaudevilleauval.fr\/wp-content\/uploads\/2025\/11\/IMG_7903-scaled.jpg 1707w\" sizes=\"auto, (max-width: 683px) 100vw, 683px\" \/><\/figure>\n<\/div>\n\n\n<p><strong>Moyen \u00c2ge<\/strong><br>Au Moyen \u00c2ge, la terre de Ville-au-Val relevait du comt\u00e9 de Bar, plus pr\u00e9cis\u00e9ment de Mousson.&nbsp;Inf\u00e9od\u00e9e aux sires de Beauffremont, ces derniers y \u00e9difi\u00e8rent une maison forte avant 1334 pour surveiller l\u2019autre rive de la Natagne qui d\u00e9pendait de la ch\u00e2tellenie de Dieulouard, possession des \u00e9v\u00eaques de Verdun. En 1486, Guillaume d\u2019Haraucourt conc\u00e9da \u00e0 Claude de Villers-le-Prud\u2019homme, seigneur du lieu, les droits de haute, moyenne et basse justice sur le domaine, \u00e0 condition de lui rendre foi et hommage pour cette terre, qui \u00e9tait de franc-alleu. En 1536, Th\u00e9odore de Saulx reconnait tenir en fief du duc de Lorraine les 10\/12<sup>\u00e8me<\/sup> de la seigneurie&nbsp;(\u2018\u2019haute justice, moienne et basse\u2026 le chastel dudit Ville, les fosses et \u2026le moulin dessoud la ville sictu\u00e9 soubs la chaulcee de lestang\u2019\u2019 Sources&nbsp;: ADM B 231, fol. 248r et v \/ Guilliato). En 1559, Catherine de Haraucourt, son \u00e9pouse, obtient l\u2019autorisation de construire une chapelle castrale d\u00e9di\u00e9e \u00e0 Saint Georges (En 1765 elle est d\u00e9sign\u00e9e sous le nom de Saint Louis).<\/p>\n\n\n\n<p>En 1597, Claude de Sernay, conseiller d\u2019Etat, chambellan du duc Charles III de Lorraine est seigneur de Ville au Val (Sources&nbsp;: document archives familiales). C&rsquo;est sans doute lui qui reconstruit le ch\u00e2teau sur les bases du plan qui nous est parvenu.<\/p>\n\n\n\n<p>En 1605, le duc Charles III c\u00e8de la part lui appartenant dans la seigneurie \u00e0 Elisabeth de Sernay, femme d\u2019Andr\u00e9 des Porcelets de Maillane.<\/p>\n\n\n\n<p><strong>\u00c9poque moderne<\/strong><br>A une date ind\u00e9termin\u00e9e, la seigneurie \u00e9chut \u00e0 Jean-Claude de Loppez Gallo, \u00e9poux de Marie Charlotte de Ligniville, chambellan et premier \u00e9cuyer du duc L\u00e9opold de Lorraine, attest\u00e9 seigneur en 1718, puis par mariage passa aux Raugrave de Salm.<\/p>\n\n\n\n<p>En 1759, Fran\u00e7ois de Lasalle, secr\u00e9taire du Roi, munitionnaire et directeur des vivres \u00e0 Metz acquiert Ville-au-Val. En quelques ann\u00e9es il r\u00e9alise de tr\u00e8s importants travaux de modernisation et d&#8217;embellissement&nbsp;: Construction d\u2019un petit avant-corps de plan semi circulaire au milieu de la fa\u00e7ade sur cour du corps sud, c\u00f4t\u00e9 parc, de chaque c\u00f4t\u00e9 de la fa\u00e7ade, cr\u00e9ation d\u2019escaliers d\u2019acc\u00e8s au jardins \u00e9tablis dans les anciens foss\u00e9s, balcons en fer forg\u00e9 des fen\u00eatres, portail d\u2019entr\u00e9e sur la cour int\u00e9rieur avec sa belle grille en fer forg\u00e9e sur la fa\u00e7ade est. Ajout sur la toiture de la fa\u00e7ade ouest, c\u00f4t\u00e9 cour, d\u2019un lanternon coiffant une horloge (cloche dat\u00e9e de 1762 qui signe la fin des travaux).&nbsp;Il fait \u00e9galement r\u00e9aliser le d\u00e9cor int\u00e9rieur des pi\u00e8ces d\u2019apparat&nbsp;: Grand salon, salle \u00e0 manger, petit salon. Fran\u00e7ois de Lasalle r\u00e9alise \u00e9galement d\u2019importants travaux pour donner au ch\u00e2teau le confort le plus moderne. Il fait creuser, sous la grosse tour nord-ouest, une glaci\u00e8re (anc\u00eatre du cong\u00e9lateur, permet de servir des sorbets en plein \u00e9t\u00e9) \u00e0 laquelle on acc\u00e8de depuis une pi\u00e8ce de l\u2019aile des communs, qui conserve une petite glaci\u00e8re (anc\u00eatre du r\u00e9frig\u00e9rateur). La particularit\u00e9 des travaux r\u00e9side dans l\u2019emplacement choisi pour la glaci\u00e8re, \u00e0 l&rsquo;int\u00e9rieur du ch\u00e2teau et non dans le parc, sous l&rsquo;ancien four banal (preuve de l&rsquo;anciennet\u00e9 de la seigneurie, lui qui a acquit depuis peu une charge anoblissante). C\u2019est sans doute pour la m\u00eame raison, qu\u2019il ne touche pas au plan du ch\u00e2teau du XVIe s. qui conserve les traces des am\u00e9nagements de d\u00e9fenses&nbsp;(tours, douves, canonni\u00e8res, arch\u00e8res\u2026). Autre am\u00e9nagement de confort, il cr\u00e9e dans l\u2019aile ouest, sur une partie des communs donnant sur la cour int\u00e9rieure, une salle de bain moderne. Point d&rsquo;orgue des travaux, la chapelle qu&rsquo;il reconstruit totalement sur un original plan ovale. Elle re\u00e7oit un tr\u00e8s int\u00e9ressant d\u00e9cor de stucs : Putto dans nu\u00e9s aux dessus des fen\u00eatres, rubans, coquilles, guirlande de feuillage et de fruits, f\u00e9rule et tiare pontificale, mitre, crosse \u00e9piscopale, encensoir, m\u00e9daillons repr\u00e9sentants les quatre \u00e9vang\u00e9listes. Pi\u00e8ce ma\u00eetresse du d\u00e9cor de la chapelle, la toile peinte de la coupole : Dieu en majest\u00e9 du peintre Jean Girardet, premier peintre du duc de Lorraine Stanislas. &nbsp;&nbsp; La chapelle dispose \u00e9galement d&rsquo;une \u00e9l\u00e9gante tribune seigneuriale et d&rsquo;un caveau. <\/p>\n\n\n\n<p>Le 19 mars 1799, Fran\u00e7ois de Lasalle c\u00e8de Ville-au-Val \u00e0 Dominique Charles Ignace d\u2019Hausen de Weidesheim (famille au service du duc L\u00e9opold depuis 1728 dans la r\u00e9gion de Sarreguemines).<\/p>\n\n\n\n<p>Ce dernier le revend, le 18 avril 1809, au comte Fran\u00e7ois Antoine Louis Bourcier, conseiller d\u2019Etat, g\u00e9n\u00e9ral de division, grand officier de la L\u00e9gion d&rsquo;Honneur et inspecteur g\u00e9n\u00e9ral de la Grande Arm\u00e9e. Il est rest\u00e9 depuis dans la m\u00eame famille, se transmettant par les femmes.  <\/p>\n\n\n\n<p><strong>Premi\u00e8re et seconde Guerres mondiales<\/strong><br>Le ch\u00e2teau a relativement peu souffert des deux derniers conflits. Lors de la premi\u00e8re guerre mondiale, la chapelle sert d\u2019infirmerie. A partir de novembre 1944, il est le si\u00e8ge d&rsquo;un division d&rsquo;infanterie am\u00e9ricaine et les villageois trouvent refuge dans les caves lors d&rsquo;alertes.  <\/p>\n\n\n\n<p><strong>Ch\u00e2teau de Ville-au-Val aujourd&rsquo;hui &#8211; Famille Berthe de Pommery <\/strong><br>Le comte Bourcier meurt en 1828, il est inhum\u00e9, comme ses descendants, dans la chapelle. Sa fille Ernestine Ad\u00e9la\u00efde Jos\u00e9phine \u00e9pouse Louis-Hortensuis de Gau marquis de Fr\u00e9geville en 1828. Leur petite fille Jeanne de Fr\u00e9geville \u00e9pouse en 1894 Hubert Gaston Berthe de Pommery (mort pour le France le 28 avril 1918). C&rsquo;est leur fils Joseph de Pommery qui h\u00e9rite de la propri\u00e9t\u00e9. Le ch\u00e2teau est aujourd\u2019hui habit\u00e9 par ses enfants, petits-enfants et arri\u00e8res petits-enfants qui s&rsquo;efforcent de le conserver et de le mettre en valeur.   <\/p>\n\n\n\n<p>Contact :<br>Chateaudevilleauval@orange.fr<br>samuel.redonnet@orange.fr<br>33 6 07 86 32 44\u00a0<\/p>\n\n\n\n<p><\/p>\n","protected":false},"excerpt":{"rendered":"<p>La terre de Ville-au-Val, comme toute la rive droite de la Natagne, relevait au Moyen \u00c2ge du comt\u00e9 de Bar et plus pr\u00e9cis\u00e9ment de Mousson. L&rsquo;autre rive d\u00e9pendait de Dieulouard, possession des \u00e9v\u00eaques de Verdun, donnant \u00e0 Ville-au-Val une position &hellip; <a href=\"https:\/\/chateaudevilleauval.fr\/index.php\/histoire-du-chateau\/\">Continuer la lecture <span class=\"meta-nav\">&rarr;<\/span><\/a><\/p>\n","protected":false},"author":1,"featured_media":280,"parent":0,"menu_order":0,"comment_status":"closed","ping_status":"closed","template":"","meta":{"footnotes":""},"class_list":["post-14","page","type-page","status-publish","has-post-thumbnail","hentry"],"aioseo_notices":[],"_links":{"self":[{"href":"https:\/\/chateaudevilleauval.fr\/index.php\/wp-json\/wp\/v2\/pages\/14","targetHints":{"allow":["GET"]}}],"collection":[{"href":"https:\/\/chateaudevilleauval.fr\/index.php\/wp-json\/wp\/v2\/pages"}],"about":[{"href":"https:\/\/chateaudevilleauval.fr\/index.php\/wp-json\/wp\/v2\/types\/page"}],"author":[{"embeddable":true,"href":"https:\/\/chateaudevilleauval.fr\/index.php\/wp-json\/wp\/v2\/users\/1"}],"replies":[{"embeddable":true,"href":"https:\/\/chateaudevilleauval.fr\/index.php\/wp-json\/wp\/v2\/comments?post=14"}],"version-history":[{"count":13,"href":"https:\/\/chateaudevilleauval.fr\/index.php\/wp-json\/wp\/v2\/pages\/14\/revisions"}],"predecessor-version":[{"id":456,"href":"https:\/\/chateaudevilleauval.fr\/index.php\/wp-json\/wp\/v2\/pages\/14\/revisions\/456"}],"wp:featuredmedia":[{"embeddable":true,"href":"https:\/\/chateaudevilleauval.fr\/index.php\/wp-json\/wp\/v2\/media\/280"}],"wp:attachment":[{"href":"https:\/\/chateaudevilleauval.fr\/index.php\/wp-json\/wp\/v2\/media?parent=14"}],"curies":[{"name":"wp","href":"https:\/\/api.w.org\/{rel}","templated":true}]}}