{"id":160,"date":"2025-11-16T17:33:53","date_gmt":"2025-11-16T17:33:53","guid":{"rendered":"https:\/\/chateaudevilleauval.fr\/?page_id=160"},"modified":"2026-02-18T17:20:11","modified_gmt":"2026-02-18T17:20:11","slug":"meuble-de-tourisme","status":"publish","type":"page","link":"https:\/\/chateaudevilleauval.fr\/index.php\/meuble-de-tourisme\/","title":{"rendered":"Meubl\u00e9 de tourisme"},"content":{"rendered":"\n<p>En s\u00e9journant au Ch\u00e2teau de Ville au Val, vous poserez vos valises dans un lieu exceptionnel, charg\u00e9 d&rsquo;histoire, au c\u0153ur de la Lorraine. Vous appr\u00e9cierez votre espace ext\u00e9rieur privatif, les petits-d\u00e9jeuners face \u00e0 la verdure, et vous serez s\u00e9duit par la richesse culturelle et naturelle de la r\u00e9gion.<\/p>\n\n\n\n<p>Nous sommes impatients de vous accueillir et de partager avec vous ce lieu d\u2019exception, o\u00f9 l\u2019histoire, le confort et l\u2019hospitalit\u00e9 se rencontrent.<\/p>\n\n\n\n<p>Contact :<br>Chateaudevilleauval@orange.fr<br>samuel.redonnet@orange.fr<br>33 6 07 86 32 44<\/p>\n\n\n\n<p><\/p>\n","protected":false},"excerpt":{"rendered":"<p>En s\u00e9journant au Ch\u00e2teau de Ville au Val, vous poserez vos valises dans un lieu exceptionnel, charg\u00e9 d&rsquo;histoire, au c\u0153ur de la Lorraine. Vous appr\u00e9cierez votre espace ext\u00e9rieur privatif, les petits-d\u00e9jeuners face \u00e0 la verdure, et vous serez s\u00e9duit par &hellip; <a href=\"https:\/\/chateaudevilleauval.fr\/index.php\/meuble-de-tourisme\/\">Continuer la lecture <span class=\"meta-nav\">&rarr;<\/span><\/a><\/p>\n","protected":false},"author":1,"featured_media":274,"parent":0,"menu_order":0,"comment_status":"closed","ping_status":"closed","template":"","meta":{"footnotes":""},"class_list":["post-160","page","type-page","status-publish","has-post-thumbnail","hentry"],"aioseo_notices":[],"_links":{"self":[{"href":"https:\/\/chateaudevilleauval.fr\/index.php\/wp-json\/wp\/v2\/pages\/160","targetHints":{"allow":["GET"]}}],"collection":[{"href":"https:\/\/chateaudevilleauval.fr\/index.php\/wp-json\/wp\/v2\/pages"}],"about":[{"href":"https:\/\/chateaudevilleauval.fr\/index.php\/wp-json\/wp\/v2\/types\/page"}],"author":[{"embeddable":true,"href":"https:\/\/chateaudevilleauval.fr\/index.php\/wp-json\/wp\/v2\/users\/1"}],"replies":[{"embeddable":true,"href":"https:\/\/chateaudevilleauval.fr\/index.php\/wp-json\/wp\/v2\/comments?post=160"}],"version-history":[{"count":5,"href":"https:\/\/chateaudevilleauval.fr\/index.php\/wp-json\/wp\/v2\/pages\/160\/revisions"}],"predecessor-version":[{"id":560,"href":"https:\/\/chateaudevilleauval.fr\/index.php\/wp-json\/wp\/v2\/pages\/160\/revisions\/560"}],"wp:featuredmedia":[{"embeddable":true,"href":"https:\/\/chateaudevilleauval.fr\/index.php\/wp-json\/wp\/v2\/media\/274"}],"wp:attachment":[{"href":"https:\/\/chateaudevilleauval.fr\/index.php\/wp-json\/wp\/v2\/media?parent=160"}],"curies":[{"name":"wp","href":"https:\/\/api.w.org\/{rel}","templated":true}]}}