{"id":336,"date":"2025-11-18T08:08:39","date_gmt":"2025-11-18T08:08:39","guid":{"rendered":"https:\/\/chateaudevilleauval.fr\/?page_id=336"},"modified":"2026-02-10T15:52:28","modified_gmt":"2026-02-10T15:52:28","slug":"informations-pratiques","status":"publish","type":"page","link":"https:\/\/chateaudevilleauval.fr\/index.php\/informations-pratiques\/","title":{"rendered":"Informations pratiques"},"content":{"rendered":"\n<p><br><strong>Capacit\u00e9 labellis\u00e9e<\/strong><br>\u2605 \u2605 \u2605 \u2605<\/p>\n\n\n\n<p>6\/7 personnes <br>4 chambres (une acc\u00e8s PMR)<br>4\/5 lits<br>3 salles d&rsquo;eau (une acc\u00e8s PMR)<\/p>\n\n\n\n<p>Les plus de l&rsquo;h\u00e9bergement<br>Gite au c\u0153ur d&rsquo;un Monument Historique, visite propos\u00e9e par les propri\u00e9taires<br><br>Le ch\u00e2teau de Ville au Val se trouve \u00e0 une douzaine de kilom\u00e8tres au sud-est de Pont-\u00e0- Mousson, au c\u0153ur de la pittoresque vall\u00e9e de la Natagne. Poumon vert et vallonn\u00e9e entre Nancy et Metz .<br><br>Place Joseph de Pommery<br>54380 Ville-au-Val<br><br>Contact : 06 07 86 32 44 <br>Mail : chateaudevilleauval@orange.fr<br><\/p>\n\n\n\n<figure class=\"wp-block-image size-large\"><img loading=\"lazy\" decoding=\"async\" width=\"1024\" height=\"625\" src=\"http:\/\/chateaudevilleauval.fr\/wp-content\/uploads\/2025\/11\/cassini-villeauval-1024x625.jpg\" alt=\"\" class=\"wp-image-57\" srcset=\"https:\/\/chateaudevilleauval.fr\/wp-content\/uploads\/2025\/11\/cassini-villeauval-1024x625.jpg 1024w, https:\/\/chateaudevilleauval.fr\/wp-content\/uploads\/2025\/11\/cassini-villeauval-300x183.jpg 300w, https:\/\/chateaudevilleauval.fr\/wp-content\/uploads\/2025\/11\/cassini-villeauval-768x469.jpg 768w, https:\/\/chateaudevilleauval.fr\/wp-content\/uploads\/2025\/11\/cassini-villeauval-1536x938.jpg 1536w, https:\/\/chateaudevilleauval.fr\/wp-content\/uploads\/2025\/11\/cassini-villeauval-98x60.jpg 98w, https:\/\/chateaudevilleauval.fr\/wp-content\/uploads\/2025\/11\/cassini-villeauval.jpg 1793w\" sizes=\"auto, (max-width: 1024px) 100vw, 1024px\" \/><\/figure>\n","protected":false},"excerpt":{"rendered":"<p>Capacit\u00e9 labellis\u00e9e\u2605 \u2605 \u2605 \u2605 6\/7 personnes 4 chambres (une acc\u00e8s PMR)4\/5 lits3 salles d&rsquo;eau (une acc\u00e8s PMR) Les plus de l&rsquo;h\u00e9bergementGite au c\u0153ur d&rsquo;un Monument Historique, visite propos\u00e9e par les propri\u00e9taires Le ch\u00e2teau de Ville au Val se trouve &hellip; <a href=\"https:\/\/chateaudevilleauval.fr\/index.php\/informations-pratiques\/\">Continuer la lecture <span class=\"meta-nav\">&rarr;<\/span><\/a><\/p>\n","protected":false},"author":1,"featured_media":371,"parent":0,"menu_order":0,"comment_status":"closed","ping_status":"closed","template":"","meta":{"footnotes":""},"class_list":["post-336","page","type-page","status-publish","has-post-thumbnail","hentry"],"aioseo_notices":[],"_links":{"self":[{"href":"https:\/\/chateaudevilleauval.fr\/index.php\/wp-json\/wp\/v2\/pages\/336","targetHints":{"allow":["GET"]}}],"collection":[{"href":"https:\/\/chateaudevilleauval.fr\/index.php\/wp-json\/wp\/v2\/pages"}],"about":[{"href":"https:\/\/chateaudevilleauval.fr\/index.php\/wp-json\/wp\/v2\/types\/page"}],"author":[{"embeddable":true,"href":"https:\/\/chateaudevilleauval.fr\/index.php\/wp-json\/wp\/v2\/users\/1"}],"replies":[{"embeddable":true,"href":"https:\/\/chateaudevilleauval.fr\/index.php\/wp-json\/wp\/v2\/comments?post=336"}],"version-history":[{"count":6,"href":"https:\/\/chateaudevilleauval.fr\/index.php\/wp-json\/wp\/v2\/pages\/336\/revisions"}],"predecessor-version":[{"id":526,"href":"https:\/\/chateaudevilleauval.fr\/index.php\/wp-json\/wp\/v2\/pages\/336\/revisions\/526"}],"wp:featuredmedia":[{"embeddable":true,"href":"https:\/\/chateaudevilleauval.fr\/index.php\/wp-json\/wp\/v2\/media\/371"}],"wp:attachment":[{"href":"https:\/\/chateaudevilleauval.fr\/index.php\/wp-json\/wp\/v2\/media?parent=336"}],"curies":[{"name":"wp","href":"https:\/\/api.w.org\/{rel}","templated":true}]}}