{"id":441,"date":"2025-11-25T18:45:56","date_gmt":"2025-11-25T18:45:56","guid":{"rendered":"https:\/\/chateaudevilleauval.fr\/?page_id=441"},"modified":"2026-02-10T16:32:23","modified_gmt":"2026-02-10T16:32:23","slug":"biodiversite","status":"publish","type":"page","link":"https:\/\/chateaudevilleauval.fr\/index.php\/biodiversite\/","title":{"rendered":"Biodiversit\u00e9"},"content":{"rendered":"\n<p>V\u00e9ritable ilot de biodiversit\u00e9, nous prenons soin dans le parc, dans les p\u00e2tures d\u00e9pendantes du ch\u00e2teau et les vergers d&rsquo;intervenir le moins possible. Nous n&rsquo;utilisons la tondeuse qu&rsquo;une ou deux fois l&rsquo;an dans la partie du parc sous la fa\u00e7ade sud (pour les ouvertures au public).<\/p>\n\n\n\n<p>Conservant les traces de l&rsquo;ancien jardin \u00e0 la fran\u00e7aise du XVIIIe, transform\u00e9e en jardin \u00e0 l&rsquo;anglaise, le parc conserve de nombreuses vari\u00e9t\u00e9s d&rsquo;arbres dont certains sujets ont pr\u00e8s de 250 ans. Dans les parties bois\u00e9es nous laissons un maximum de bois mort au sol pour pr\u00e9server la richesses \u00e9cologique des sols. Notre petit coin de nature est donc devenu avec le temps un pr\u00e9cieux refuge de nature vivante (vari\u00e9t\u00e9 d&rsquo;abeilles sauvages, oiseaux, rapaces diurnes, chouettes effraies, insectes&#8230;). Nos chauves souris sont r\u00e9guli\u00e8rement observ\u00e9es depuis plus de 10 ans par les membres du CPEPESC Lorraine (Commission de Protection des Eaux, du Patrimoine, de l&rsquo;Environnement, du Sous-sol et des Chiropt\u00e8res). Nos b\u00e2timents abritent unes des colonies les plus importantes du Grand Est de grands rhinolophes.<\/p>\n\n\n\n<p>Nous cultivons notre potager en permaculture et profitons une grande partie de l&rsquo;ann\u00e9e des plantes sauvages comestibles et des nombreux fruits de saisons.          <\/p>\n","protected":false},"excerpt":{"rendered":"<p>V\u00e9ritable ilot de biodiversit\u00e9, nous prenons soin dans le parc, dans les p\u00e2tures d\u00e9pendantes du ch\u00e2teau et les vergers d&rsquo;intervenir le moins possible. Nous n&rsquo;utilisons la tondeuse qu&rsquo;une ou deux fois l&rsquo;an dans la partie du parc sous la fa\u00e7ade &hellip; <a href=\"https:\/\/chateaudevilleauval.fr\/index.php\/biodiversite\/\">Continuer la lecture <span class=\"meta-nav\">&rarr;<\/span><\/a><\/p>\n","protected":false},"author":1,"featured_media":503,"parent":0,"menu_order":0,"comment_status":"closed","ping_status":"closed","template":"","meta":{"footnotes":""},"class_list":["post-441","page","type-page","status-publish","has-post-thumbnail","hentry"],"aioseo_notices":[],"_links":{"self":[{"href":"https:\/\/chateaudevilleauval.fr\/index.php\/wp-json\/wp\/v2\/pages\/441","targetHints":{"allow":["GET"]}}],"collection":[{"href":"https:\/\/chateaudevilleauval.fr\/index.php\/wp-json\/wp\/v2\/pages"}],"about":[{"href":"https:\/\/chateaudevilleauval.fr\/index.php\/wp-json\/wp\/v2\/types\/page"}],"author":[{"embeddable":true,"href":"https:\/\/chateaudevilleauval.fr\/index.php\/wp-json\/wp\/v2\/users\/1"}],"replies":[{"embeddable":true,"href":"https:\/\/chateaudevilleauval.fr\/index.php\/wp-json\/wp\/v2\/comments?post=441"}],"version-history":[{"count":3,"href":"https:\/\/chateaudevilleauval.fr\/index.php\/wp-json\/wp\/v2\/pages\/441\/revisions"}],"predecessor-version":[{"id":533,"href":"https:\/\/chateaudevilleauval.fr\/index.php\/wp-json\/wp\/v2\/pages\/441\/revisions\/533"}],"wp:featuredmedia":[{"embeddable":true,"href":"https:\/\/chateaudevilleauval.fr\/index.php\/wp-json\/wp\/v2\/media\/503"}],"wp:attachment":[{"href":"https:\/\/chateaudevilleauval.fr\/index.php\/wp-json\/wp\/v2\/media?parent=441"}],"curies":[{"name":"wp","href":"https:\/\/api.w.org\/{rel}","templated":true}]}}